{"id":15586,"date":"2024-04-24T16:17:59","date_gmt":"2024-04-24T15:17:59","guid":{"rendered":"https:\/\/basemelia.tryplisboacaparica.com\/politica-ambiental\/"},"modified":"2024-10-14T12:03:16","modified_gmt":"2024-10-14T11:03:16","slug":"umweltpolitik","status":"publish","type":"page","link":"https:\/\/www.meliamadeira.com\/de\/umweltpolitik\/","title":{"rendered":"Umweltpolitik"},"content":{"rendered":"\t\t<div data-elementor-type=\"wp-page\" data-elementor-id=\"15586\" class=\"elementor elementor-15586 elementor-15104\" data-elementor-post-type=\"page\">\n\t\t\t\t<section class=\"elementor-element elementor-element-6c6eb2b e-con-full e-flex e-con e-parent\" data-id=\"6c6eb2b\" data-element_type=\"container\" data-settings=\"{&quot;background_background&quot;:&quot;classic&quot;}\">\n\t\t<div class=\"elementor-element elementor-element-88c41f8 e-con-full e-flex e-con e-child\" data-id=\"88c41f8\" data-element_type=\"container\">\n\t\t\t\t<div class=\"elementor-element elementor-element-d99bec5 elementor-widget elementor-widget-heading\" data-id=\"d99bec5\" data-element_type=\"widget\" data-widget_type=\"heading.default\">\n\t\t\t\t<div class=\"elementor-widget-container\">\n\t\t\t\t\t<h1 class=\"elementor-heading-title elementor-size-default\">Umweltpolitik<\/h1>\t\t\t\t<\/div>\n\t\t\t\t<\/div>\n\t\t\t\t<\/div>\n\t\t\t\t<\/section>\n\t\t<section class=\"elementor-element elementor-element-cab6987 e-con-full e-flex e-con e-parent\" data-id=\"cab6987\" data-element_type=\"container\">\n\t\t\t\t<div class=\"elementor-element elementor-element-a610a2c elementor-widget elementor-widget-text-editor\" data-id=\"a610a2c\" data-element_type=\"widget\" data-widget_type=\"text-editor.default\">\n\t\t\t\t<div class=\"elementor-widget-container\">\n\t\t\t\t\t\t\t\t\t<p>Das Hotel <strong>Meli\u00e1 Madeira Mare<\/strong> ist sich der Bedeutung eines verantwortungsvollen und nachhaltigen Managements bei der Entwicklung der Hotelt\u00e4tigkeit bewusst. Im Rahmen dieser Leitlinien verpflichten wir uns, bew\u00e4hrte Praktiken zu entwickeln und anzuwenden, die darauf abzielen, die Auswirkungen unserer Dienstleistungen auf die Umwelt zu minimieren, die nat\u00fcrlichen Ressourcen zu erhalten, die Energieeffizienz zu steigern und eine nachhaltige Zukunft im Tourismussektor aufzubauen. Zu diesem Zweck legt <strong>Meli\u00e1 Madeira Mare<\/strong> diese Politik mit den folgenden Zielen fest:<\/p>\t\t\t\t\t\t\t\t<\/div>\n\t\t\t\t<\/div>\n\t\t\t\t<\/section>\n\t\t<section class=\"elementor-element elementor-element-16e7567 e-con-full e-flex e-con e-parent\" data-id=\"16e7567\" data-element_type=\"container\">\n\t\t<div class=\"elementor-element elementor-element-32eb677 e-con-full e-flex e-con e-child\" data-id=\"32eb677\" data-element_type=\"container\" data-settings=\"{&quot;background_background&quot;:&quot;classic&quot;}\">\n\t\t\t\t<div class=\"elementor-element elementor-element-0675144 elementor-widget elementor-widget-spacer\" data-id=\"0675144\" data-element_type=\"widget\" data-widget_type=\"spacer.default\">\n\t\t\t\t<div class=\"elementor-widget-container\">\n\t\t\t\t\t\t\t<div class=\"elementor-spacer\">\n\t\t\t<div class=\"elementor-spacer-inner\"><\/div>\n\t\t<\/div>\n\t\t\t\t\t\t<\/div>\n\t\t\t\t<\/div>\n\t\t\t\t<\/div>\n\t\t<div class=\"elementor-element elementor-element-d63fbdc e-con-full e-flex e-con e-child\" data-id=\"d63fbdc\" data-element_type=\"container\">\n\t\t<div class=\"elementor-element elementor-element-1591f18 e-con-full e-flex e-con e-child\" data-id=\"1591f18\" data-element_type=\"container\">\n\t\t\t\t<div class=\"elementor-element elementor-element-aa51c00 elementor-widget elementor-widget-text-editor\" data-id=\"aa51c00\" data-element_type=\"widget\" data-widget_type=\"text-editor.default\">\n\t\t\t\t<div class=\"elementor-widget-container\">\n\t\t\t\t\t\t\t\t\t<p>Einhaltung der f\u00fcr ihre T\u00e4tigkeit geltenden Rechts- und Umweltvorschriften und regelm\u00e4\u00dfige Bewertung ihrer Auswirkungen.<\/p><p>F\u00f6rderung des Umweltbewusstseins und der Ausbildung der Mitarbeiter, um sie einzubeziehen und sie in guten Umweltpraktiken zu schulen.<\/p><p>Zusammenarbeit und F\u00f6rderung der Kommunikation mit staatlichen und externen Stellen und Verb\u00e4nden.<\/p>\t\t\t\t\t\t\t\t<\/div>\n\t\t\t\t<\/div>\n\t\t\t\t<\/div>\n\t\t\t\t<\/div>\n\t\t\t\t<\/section>\n\t\t<section class=\"elementor-element elementor-element-0928446 e-con-full e-flex e-con e-parent\" data-id=\"0928446\" data-element_type=\"container\">\n\t\t<div class=\"elementor-element elementor-element-e894d0e e-con-full e-flex e-con e-child\" data-id=\"e894d0e\" data-element_type=\"container\">\n\t\t<div class=\"elementor-element elementor-element-b5cc52a e-con-full e-flex e-con e-child\" data-id=\"b5cc52a\" data-element_type=\"container\">\n\t\t\t\t<div class=\"elementor-element elementor-element-fea7ff0 elementor-widget__width-initial elementor-widget elementor-widget-text-editor\" data-id=\"fea7ff0\" data-element_type=\"widget\" data-widget_type=\"text-editor.default\">\n\t\t\t\t<div class=\"elementor-widget-container\">\n\t\t\t\t\t\t\t\t\t<p>F\u00f6rderung der Einbeziehung von Lieferanten in Fragen der guten Umweltpraxis mit dem Ziel, die Leistung in diesem Bereich und die des gesamten Betriebs zu verbessern.<\/p><p>Senkung und Kontrolle des Energie- und Rohstoffverbrauchs.<\/p><p>eine Haltung der kontinuierlichen Verbesserung bei der Vermeidung von Umweltverschmutzung einnehmen.<\/p><p>Konsolidierung der Eroberung von Kunden, die bereit sind, die vom Unternehmen angebotenen Dienstleistungen mit einem hohen Qualit\u00e4tsniveau zu nutzen.<\/p>\t\t\t\t\t\t\t\t<\/div>\n\t\t\t\t<\/div>\n\t\t\t\t<\/div>\n\t\t\t\t<\/div>\n\t\t<div class=\"elementor-element elementor-element-2ac5ff6 e-con-full e-flex e-con e-child\" data-id=\"2ac5ff6\" data-element_type=\"container\" data-settings=\"{&quot;background_background&quot;:&quot;classic&quot;}\">\n\t\t\t\t<div class=\"elementor-element elementor-element-84b994a elementor-widget elementor-widget-spacer\" data-id=\"84b994a\" data-element_type=\"widget\" data-widget_type=\"spacer.default\">\n\t\t\t\t<div class=\"elementor-widget-container\">\n\t\t\t\t\t\t\t<div class=\"elementor-spacer\">\n\t\t\t<div class=\"elementor-spacer-inner\"><\/div>\n\t\t<\/div>\n\t\t\t\t\t\t<\/div>\n\t\t\t\t<\/div>\n\t\t\t\t<\/div>\n\t\t\t\t<\/section>\n\t\t<section class=\"elementor-element elementor-element-a29bc57 e-con-full e-flex e-con e-parent\" data-id=\"a29bc57\" data-element_type=\"container\">\n\t\t\t\t<div class=\"elementor-element elementor-element-804f03e elementor-widget elementor-widget-text-editor\" data-id=\"804f03e\" data-element_type=\"widget\" data-widget_type=\"text-editor.default\">\n\t\t\t\t<div class=\"elementor-widget-container\">\n\t\t\t\t\t\t\t\t\t<p>Das Meli\u00e1 Madeira Mare ist bestrebt, die Bed\u00fcrfnisse und Erwartungen seiner Kunden in vollem Umfang zu erf\u00fcllen, indem es diese Grunds\u00e4tze ber\u00fccksichtigt und die notwendigen und angemessenen Ressourcen zur Verf\u00fcgung stellt, einschlie\u00dflich der Verpflichtung zu spezialisiertem Personal mit regelm\u00e4\u00dfiger Schulung und technologisch fortschrittlicher Ausstattung.<\/p>\t\t\t\t\t\t\t\t<\/div>\n\t\t\t\t<\/div>\n\t\t\t\t<\/section>\n\t\t\t\t<\/div>\n\t\t","protected":false},"excerpt":{"rendered":"<p>Umweltpolitik Das Hotel Meli\u00e1 Madeira Mare ist sich der Bedeutung eines verantwortungsvollen und nachhaltigen Managements bei der Entwicklung der Hotelt\u00e4tigkeit bewusst. Im Rahmen dieser Leitlinien verpflichten wir uns, bew\u00e4hrte Praktiken zu entwickeln und anzuwenden, die darauf abzielen, die Auswirkungen unserer Dienstleistungen auf die Umwelt zu minimieren, die nat\u00fcrlichen Ressourcen zu erhalten, die Energieeffizienz zu steigern [&hellip;]<\/p>\n","protected":false},"author":1,"featured_media":0,"parent":0,"menu_order":0,"comment_status":"closed","ping_status":"closed","template":"","meta":{"_acf_changed":false,"footnotes":""},"class_list":["post-15586","page","type-page","status-publish","hentry"],"acf":[],"yoast_head":"<!-- This site is optimized with the Yoast SEO plugin v24.5 - https:\/\/yoast.com\/wordpress\/plugins\/seo\/ -->\n<title>Umweltpolitik - Melia Madeira Mare<\/title>\n<meta name=\"description\" content=\"Com pre\u00e7os incr\u00edveis, o Hotel Meli\u00e1 Madeira Mare est\u00e1 apenas a dez minutos do centro do Funchal com uma vista deslumbrante sobre o Atl\u00e2ntico.\" \/>\n<meta name=\"robots\" content=\"index, follow, max-snippet:-1, max-image-preview:large, max-video-preview:-1\" \/>\n<link rel=\"canonical\" href=\"https:\/\/www.meliamadeira.com\/de\/umweltpolitik\/\" \/>\n<meta property=\"og:locale\" content=\"de_DE\" \/>\n<meta property=\"og:type\" content=\"article\" \/>\n<meta property=\"og:title\" content=\"Umweltpolitik - Melia Madeira Mare\" \/>\n<meta property=\"og:description\" content=\"Com pre\u00e7os incr\u00edveis, o Hotel Meli\u00e1 Madeira Mare est\u00e1 apenas a dez minutos do centro do Funchal com uma vista deslumbrante sobre o Atl\u00e2ntico.\" \/>\n<meta property=\"og:url\" content=\"https:\/\/www.meliamadeira.com\/de\/umweltpolitik\/\" \/>\n<meta property=\"og:site_name\" content=\"Melia Madeira Mare\" \/>\n<meta property=\"article:publisher\" content=\"https:\/\/www.facebook.com\/meliamadeiramare\" \/>\n<meta property=\"article:modified_time\" content=\"2024-10-14T11:03:16+00:00\" \/>\n<meta property=\"og:image\" content=\"https:\/\/www.meliamadeira.com\/wp-content\/uploads\/sites\/22\/2024\/06\/Melia_Madeira_Mare_Ope.jpg\" \/>\n\t<meta property=\"og:image:width\" content=\"1200\" \/>\n\t<meta property=\"og:image:height\" content=\"630\" \/>\n\t<meta property=\"og:image:type\" content=\"image\/jpeg\" \/>\n<meta name=\"twitter:card\" content=\"summary_large_image\" \/>\n<meta name=\"twitter:label1\" content=\"Gesch\u00e4tzte Lesezeit\" \/>\n\t<meta name=\"twitter:data1\" content=\"2\u00a0Minuten\" \/>\n<script type=\"application\/ld+json\" class=\"yoast-schema-graph\">{\"@context\":\"https:\/\/schema.org\",\"@graph\":[{\"@type\":\"WebPage\",\"@id\":\"https:\/\/www.meliamadeira.com\/de\/umweltpolitik\/\",\"url\":\"https:\/\/www.meliamadeira.com\/de\/umweltpolitik\/\",\"name\":\"Umweltpolitik - Melia Madeira Mare\",\"isPartOf\":{\"@id\":\"https:\/\/www.meliamadeira.com\/de\/#website\"},\"datePublished\":\"2024-04-24T15:17:59+00:00\",\"dateModified\":\"2024-10-14T11:03:16+00:00\",\"description\":\"Com pre\u00e7os incr\u00edveis, o Hotel Meli\u00e1 Madeira Mare est\u00e1 apenas a dez minutos do centro do Funchal com uma vista deslumbrante sobre o Atl\u00e2ntico.\",\"breadcrumb\":{\"@id\":\"https:\/\/www.meliamadeira.com\/de\/umweltpolitik\/#breadcrumb\"},\"inLanguage\":\"de\",\"potentialAction\":[{\"@type\":\"ReadAction\",\"target\":[\"https:\/\/www.meliamadeira.com\/de\/umweltpolitik\/\"]}]},{\"@type\":\"BreadcrumbList\",\"@id\":\"https:\/\/www.meliamadeira.com\/de\/umweltpolitik\/#breadcrumb\",\"itemListElement\":[{\"@type\":\"ListItem\",\"position\":1,\"name\":\"In\u00edcio\",\"item\":\"https:\/\/www.meliamadeira.com\/de\/\"},{\"@type\":\"ListItem\",\"position\":2,\"name\":\"Umweltpolitik\"}]},{\"@type\":\"WebSite\",\"@id\":\"https:\/\/www.meliamadeira.com\/de\/#website\",\"url\":\"https:\/\/www.meliamadeira.com\/de\/\",\"name\":\"Meli\u00e1 Madeira Mare\",\"description\":\"Resort &amp; Spa \u2013 5-Sterne-Hotel in Funchal\",\"publisher\":{\"@id\":\"https:\/\/www.meliamadeira.com\/de\/#organization\"},\"alternateName\":\"Meli\u00e1 Madeira Mare\",\"potentialAction\":[{\"@type\":\"SearchAction\",\"target\":{\"@type\":\"EntryPoint\",\"urlTemplate\":\"https:\/\/www.meliamadeira.com\/de\/?s={search_term_string}\"},\"query-input\":{\"@type\":\"PropertyValueSpecification\",\"valueRequired\":true,\"valueName\":\"search_term_string\"}}],\"inLanguage\":\"de\"},{\"@type\":\"Organization\",\"@id\":\"https:\/\/www.meliamadeira.com\/de\/#organization\",\"name\":\"Meli\u00e1 Madeira Mare\",\"alternateName\":\"Meli\u00e1 Madeira Mare\",\"url\":\"https:\/\/www.meliamadeira.com\/de\/\",\"logo\":{\"@type\":\"ImageObject\",\"inLanguage\":\"de\",\"@id\":\"https:\/\/www.meliamadeira.com\/de\/#\/schema\/logo\/image\/\",\"url\":\"https:\/\/www.meliamadeira.com\/wp-content\/uploads\/sites\/22\/2023\/11\/Melia_Madeira_Mare_Logo.png\",\"contentUrl\":\"https:\/\/www.meliamadeira.com\/wp-content\/uploads\/sites\/22\/2023\/11\/Melia_Madeira_Mare_Logo.png\",\"width\":138,\"height\":68,\"caption\":\"Meli\u00e1 Madeira Mare\"},\"image\":{\"@id\":\"https:\/\/www.meliamadeira.com\/de\/#\/schema\/logo\/image\/\"},\"sameAs\":[\"https:\/\/www.facebook.com\/meliamadeiramare\",\"https:\/\/www.linkedin.com\/company\/hoti-hoteis\/\",\"https:\/\/www.tripadvisor.pt\/UserReviewEdit-g189167-d1107638-Melia_Madeira_Mare-Funchal_Madeira_Madeira_Islands.html\",\"https:\/\/www.youtube.com\/channel\/UCP0ugsnZVvziVrrstHe2gqg\"]}]}<\/script>\n<!-- \/ Yoast SEO plugin. -->","yoast_head_json":{"title":"Umweltpolitik - Melia Madeira Mare","description":"Com pre\u00e7os incr\u00edveis, o Hotel Meli\u00e1 Madeira Mare est\u00e1 apenas a dez minutos do centro do Funchal com uma vista deslumbrante sobre o Atl\u00e2ntico.","robots":{"index":"index","follow":"follow","max-snippet":"max-snippet:-1","max-image-preview":"max-image-preview:large","max-video-preview":"max-video-preview:-1"},"canonical":"https:\/\/www.meliamadeira.com\/de\/umweltpolitik\/","og_locale":"de_DE","og_type":"article","og_title":"Umweltpolitik - Melia Madeira Mare","og_description":"Com pre\u00e7os incr\u00edveis, o Hotel Meli\u00e1 Madeira Mare est\u00e1 apenas a dez minutos do centro do Funchal com uma vista deslumbrante sobre o Atl\u00e2ntico.","og_url":"https:\/\/www.meliamadeira.com\/de\/umweltpolitik\/","og_site_name":"Melia Madeira Mare","article_publisher":"https:\/\/www.facebook.com\/meliamadeiramare","article_modified_time":"2024-10-14T11:03:16+00:00","og_image":[{"width":1200,"height":630,"url":"https:\/\/www.meliamadeira.com\/wp-content\/uploads\/sites\/22\/2024\/06\/Melia_Madeira_Mare_Ope.jpg","type":"image\/jpeg"}],"twitter_card":"summary_large_image","twitter_misc":{"Gesch\u00e4tzte Lesezeit":"2\u00a0Minuten"},"schema":{"@context":"https:\/\/schema.org","@graph":[{"@type":"WebPage","@id":"https:\/\/www.meliamadeira.com\/de\/umweltpolitik\/","url":"https:\/\/www.meliamadeira.com\/de\/umweltpolitik\/","name":"Umweltpolitik - Melia Madeira Mare","isPartOf":{"@id":"https:\/\/www.meliamadeira.com\/de\/#website"},"datePublished":"2024-04-24T15:17:59+00:00","dateModified":"2024-10-14T11:03:16+00:00","description":"Com pre\u00e7os incr\u00edveis, o Hotel Meli\u00e1 Madeira Mare est\u00e1 apenas a dez minutos do centro do Funchal com uma vista deslumbrante sobre o Atl\u00e2ntico.","breadcrumb":{"@id":"https:\/\/www.meliamadeira.com\/de\/umweltpolitik\/#breadcrumb"},"inLanguage":"de","potentialAction":[{"@type":"ReadAction","target":["https:\/\/www.meliamadeira.com\/de\/umweltpolitik\/"]}]},{"@type":"BreadcrumbList","@id":"https:\/\/www.meliamadeira.com\/de\/umweltpolitik\/#breadcrumb","itemListElement":[{"@type":"ListItem","position":1,"name":"In\u00edcio","item":"https:\/\/www.meliamadeira.com\/de\/"},{"@type":"ListItem","position":2,"name":"Umweltpolitik"}]},{"@type":"WebSite","@id":"https:\/\/www.meliamadeira.com\/de\/#website","url":"https:\/\/www.meliamadeira.com\/de\/","name":"Meli\u00e1 Madeira Mare","description":"Resort &amp; Spa \u2013 5-Sterne-Hotel in Funchal","publisher":{"@id":"https:\/\/www.meliamadeira.com\/de\/#organization"},"alternateName":"Meli\u00e1 Madeira Mare","potentialAction":[{"@type":"SearchAction","target":{"@type":"EntryPoint","urlTemplate":"https:\/\/www.meliamadeira.com\/de\/?s={search_term_string}"},"query-input":{"@type":"PropertyValueSpecification","valueRequired":true,"valueName":"search_term_string"}}],"inLanguage":"de"},{"@type":"Organization","@id":"https:\/\/www.meliamadeira.com\/de\/#organization","name":"Meli\u00e1 Madeira Mare","alternateName":"Meli\u00e1 Madeira Mare","url":"https:\/\/www.meliamadeira.com\/de\/","logo":{"@type":"ImageObject","inLanguage":"de","@id":"https:\/\/www.meliamadeira.com\/de\/#\/schema\/logo\/image\/","url":"https:\/\/www.meliamadeira.com\/wp-content\/uploads\/sites\/22\/2023\/11\/Melia_Madeira_Mare_Logo.png","contentUrl":"https:\/\/www.meliamadeira.com\/wp-content\/uploads\/sites\/22\/2023\/11\/Melia_Madeira_Mare_Logo.png","width":138,"height":68,"caption":"Meli\u00e1 Madeira Mare"},"image":{"@id":"https:\/\/www.meliamadeira.com\/de\/#\/schema\/logo\/image\/"},"sameAs":["https:\/\/www.facebook.com\/meliamadeiramare","https:\/\/www.linkedin.com\/company\/hoti-hoteis\/","https:\/\/www.tripadvisor.pt\/UserReviewEdit-g189167-d1107638-Melia_Madeira_Mare-Funchal_Madeira_Madeira_Islands.html","https:\/\/www.youtube.com\/channel\/UCP0ugsnZVvziVrrstHe2gqg"]}]}},"_links":{"self":[{"href":"https:\/\/www.meliamadeira.com\/de\/wp-json\/wp\/v2\/pages\/15586","targetHints":{"allow":["GET"]}}],"collection":[{"href":"https:\/\/www.meliamadeira.com\/de\/wp-json\/wp\/v2\/pages"}],"about":[{"href":"https:\/\/www.meliamadeira.com\/de\/wp-json\/wp\/v2\/types\/page"}],"author":[{"embeddable":true,"href":"https:\/\/www.meliamadeira.com\/de\/wp-json\/wp\/v2\/users\/1"}],"replies":[{"embeddable":true,"href":"https:\/\/www.meliamadeira.com\/de\/wp-json\/wp\/v2\/comments?post=15586"}],"version-history":[{"count":10,"href":"https:\/\/www.meliamadeira.com\/de\/wp-json\/wp\/v2\/pages\/15586\/revisions"}],"predecessor-version":[{"id":21628,"href":"https:\/\/www.meliamadeira.com\/de\/wp-json\/wp\/v2\/pages\/15586\/revisions\/21628"}],"wp:attachment":[{"href":"https:\/\/www.meliamadeira.com\/de\/wp-json\/wp\/v2\/media?parent=15586"}],"curies":[{"name":"wp","href":"https:\/\/api.w.org\/{rel}","templated":true}]}}